{"id":3610,"date":"2025-08-15T10:15:09","date_gmt":"2025-08-15T08:15:09","guid":{"rendered":"https:\/\/obrt-lala.hr\/?page_id=3610"},"modified":"2026-01-29T17:19:00","modified_gmt":"2026-01-29T15:19:00","slug":"https-obrt-lala-hr-kontakt","status":"publish","type":"page","link":"https:\/\/obrt-lala.hr\/?page_id=3610","title":{"rendered":"Kontakt"},"content":{"rendered":"\t\t<div data-elementor-type=\"wp-page\" data-elementor-id=\"3610\" class=\"elementor elementor-3610\">\n\t\t\t\t<div class=\"elementor-element elementor-element-419e2694 e-flex e-con-boxed e-con e-parent\" data-id=\"419e2694\" data-element_type=\"container\">\n\t\t\t\t\t<div class=\"e-con-inner\">\n\t\t<div class=\"elementor-element elementor-element-181a7979 e-con-full e-flex e-con e-child\" data-id=\"181a7979\" data-element_type=\"container\">\n\t\t<div class=\"elementor-element elementor-element-d8dc02a e-con-full e-flex e-con e-child\" data-id=\"d8dc02a\" data-element_type=\"container\" data-settings=\"{&quot;background_background&quot;:&quot;classic&quot;}\">\n\t\t\t\t<div class=\"elementor-element elementor-element-3d115a6 elementor-view-framed elementor-position-left elementor-vertical-align-middle elementor-shape-circle elementor-mobile-position-top elementor-widget elementor-widget-icon-box\" data-id=\"3d115a6\" data-element_type=\"widget\" data-widget_type=\"icon-box.default\">\n\t\t\t\t<div class=\"elementor-widget-container\">\n\t\t\t\t\t\t\t<div class=\"elementor-icon-box-wrapper\">\n\n\t\t\t\t\t\t<div class=\"elementor-icon-box-icon\">\n\t\t\t\t<a href=\"tel:+2085550112\" class=\"elementor-icon\" tabindex=\"-1\" aria-label=\"Kontakt \">\n\t\t\t\t<svg aria-hidden=\"true\" class=\"e-font-icon-svg e-fas-phone-volume\" viewBox=\"0 0 384 512\" xmlns=\"http:\/\/www.w3.org\/2000\/svg\"><path d=\"M97.333 506.966c-129.874-129.874-129.681-340.252 0-469.933 5.698-5.698 14.527-6.632 21.263-2.422l64.817 40.513a17.187 17.187 0 0 1 6.849 20.958l-32.408 81.021a17.188 17.188 0 0 1-17.669 10.719l-55.81-5.58c-21.051 58.261-20.612 122.471 0 179.515l55.811-5.581a17.188 17.188 0 0 1 17.669 10.719l32.408 81.022a17.188 17.188 0 0 1-6.849 20.958l-64.817 40.513a17.19 17.19 0 0 1-21.264-2.422zM247.126 95.473c11.832 20.047 11.832 45.008 0 65.055-3.95 6.693-13.108 7.959-18.718 2.581l-5.975-5.726c-3.911-3.748-4.793-9.622-2.261-14.41a32.063 32.063 0 0 0 0-29.945c-2.533-4.788-1.65-10.662 2.261-14.41l5.975-5.726c5.61-5.378 14.768-4.112 18.718 2.581zm91.787-91.187c60.14 71.604 60.092 175.882 0 247.428-4.474 5.327-12.53 5.746-17.552.933l-5.798-5.557c-4.56-4.371-4.977-11.529-.93-16.379 49.687-59.538 49.646-145.933 0-205.422-4.047-4.85-3.631-12.008.93-16.379l5.798-5.557c5.022-4.813 13.078-4.394 17.552.933zm-45.972 44.941c36.05 46.322 36.108 111.149 0 157.546-4.39 5.641-12.697 6.251-17.856 1.304l-5.818-5.579c-4.4-4.219-4.998-11.095-1.285-15.931 26.536-34.564 26.534-82.572 0-117.134-3.713-4.836-3.115-11.711 1.285-15.931l5.818-5.579c5.159-4.947 13.466-4.337 17.856 1.304z\"><\/path><\/svg>\t\t\t\t<\/a>\n\t\t\t<\/div>\n\t\t\t\n\t\t\t\t\t\t<div class=\"elementor-icon-box-content\">\n\n\t\t\t\t\t\t\t\t\t<p class=\"elementor-icon-box-title\">\n\t\t\t\t\t\t<a href=\"tel:+2085550112\" >\n\t\t\t\t\t\t\tKontakt \t\t\t\t\t\t<\/a>\n\t\t\t\t\t<\/p>\n\t\t\t\t\n\t\t\t\t\t\t\t\t\t<p class=\"elementor-icon-box-description\">\n\t\t\t\t\t\t+385 99 219 3060\t\t\t\t\t<\/p>\n\t\t\t\t\n\t\t\t<\/div>\n\t\t\t\n\t\t<\/div>\n\t\t\t\t\t\t<\/div>\n\t\t\t\t<\/div>\n\t\t\t\t<div class=\"elementor-element elementor-element-b3acd4a elementor-view-framed elementor-position-left elementor-vertical-align-middle elementor-shape-circle elementor-mobile-position-top elementor-widget elementor-widget-icon-box\" data-id=\"b3acd4a\" data-element_type=\"widget\" data-widget_type=\"icon-box.default\">\n\t\t\t\t<div class=\"elementor-widget-container\">\n\t\t\t\t\t\t\t<div class=\"elementor-icon-box-wrapper\">\n\n\t\t\t\t\t\t<div class=\"elementor-icon-box-icon\">\n\t\t\t\t<a href=\"mailto:info@obrt-lala.hr\" class=\"elementor-icon\" tabindex=\"-1\" aria-label=\"E mail adresa\">\n\t\t\t\t<svg aria-hidden=\"true\" class=\"e-font-icon-svg e-far-envelope\" viewBox=\"0 0 512 512\" xmlns=\"http:\/\/www.w3.org\/2000\/svg\"><path d=\"M464 64H48C21.49 64 0 85.49 0 112v288c0 26.51 21.49 48 48 48h416c26.51 0 48-21.49 48-48V112c0-26.51-21.49-48-48-48zm0 48v40.805c-22.422 18.259-58.168 46.651-134.587 106.49-16.841 13.247-50.201 45.072-73.413 44.701-23.208.375-56.579-31.459-73.413-44.701C106.18 199.465 70.425 171.067 48 152.805V112h416zM48 400V214.398c22.914 18.251 55.409 43.862 104.938 82.646 21.857 17.205 60.134 55.186 103.062 54.955 42.717.231 80.509-37.199 103.053-54.947 49.528-38.783 82.032-64.401 104.947-82.653V400H48z\"><\/path><\/svg>\t\t\t\t<\/a>\n\t\t\t<\/div>\n\t\t\t\n\t\t\t\t\t\t<div class=\"elementor-icon-box-content\">\n\n\t\t\t\t\t\t\t\t\t<p class=\"elementor-icon-box-title\">\n\t\t\t\t\t\t<a href=\"mailto:info@obrt-lala.hr\" >\n\t\t\t\t\t\t\tE mail adresa\t\t\t\t\t\t<\/a>\n\t\t\t\t\t<\/p>\n\t\t\t\t\n\t\t\t\t\t\t\t\t\t<p class=\"elementor-icon-box-description\">\n\t\t\t\t\t\tinfo@obrt-lala.hr\t\t\t\t\t<\/p>\n\t\t\t\t\n\t\t\t<\/div>\n\t\t\t\n\t\t<\/div>\n\t\t\t\t\t\t<\/div>\n\t\t\t\t<\/div>\n\t\t\t\t<div class=\"elementor-element elementor-element-d83f0ea elementor-view-framed elementor-position-left elementor-vertical-align-middle elementor-shape-circle elementor-mobile-position-top elementor-widget elementor-widget-icon-box\" data-id=\"d83f0ea\" data-element_type=\"widget\" data-widget_type=\"icon-box.default\">\n\t\t\t\t<div class=\"elementor-widget-container\">\n\t\t\t\t\t\t\t<div class=\"elementor-icon-box-wrapper\">\n\n\t\t\t\t\t\t<div class=\"elementor-icon-box-icon\">\n\t\t\t\t<span  class=\"elementor-icon\">\n\t\t\t\t<svg aria-hidden=\"true\" class=\"e-font-icon-svg e-fas-map-marker-alt\" viewBox=\"0 0 384 512\" xmlns=\"http:\/\/www.w3.org\/2000\/svg\"><path d=\"M172.268 501.67C26.97 291.031 0 269.413 0 192 0 85.961 85.961 0 192 0s192 85.961 192 192c0 77.413-26.97 99.031-172.268 309.67-9.535 13.774-29.93 13.773-39.464 0zM192 272c44.183 0 80-35.817 80-80s-35.817-80-80-80-80 35.817-80 80 35.817 80 80 80z\"><\/path><\/svg>\t\t\t\t<\/span>\n\t\t\t<\/div>\n\t\t\t\n\t\t\t\t\t\t<div class=\"elementor-icon-box-content\">\n\n\t\t\t\t\t\t\t\t\t<p class=\"elementor-icon-box-title\">\n\t\t\t\t\t\t<span  >\n\t\t\t\t\t\t\tAdresa\t\t\t\t\t\t<\/span>\n\t\t\t\t\t<\/p>\n\t\t\t\t\n\t\t\t\t\t\t\t\t\t<p class=\"elementor-icon-box-description\">\n\t\t\t\t\t\tJela\u010di\u0107ev trg 7, Rijeka\t\t\t\t\t<\/p>\n\t\t\t\t\n\t\t\t<\/div>\n\t\t\t\n\t\t<\/div>\n\t\t\t\t\t\t<\/div>\n\t\t\t\t<\/div>\n\t\t\t\t<\/div>\n\t\t<div class=\"elementor-element elementor-element-414b51c3 e-con-full e-flex e-con e-child\" data-id=\"414b51c3\" data-element_type=\"container\" data-settings=\"{&quot;background_background&quot;:&quot;classic&quot;}\">\n\t\t\t\t<div class=\"elementor-element elementor-element-f55f60a elementor-widget elementor-widget-image\" data-id=\"f55f60a\" data-element_type=\"widget\" data-widget_type=\"image.default\">\n\t\t\t\t<div class=\"elementor-widget-container\">\n\t\t\t\t\t\t\t\t\t\t\t\t\t\t\t<img fetchpriority=\"high\" decoding=\"async\" width=\"740\" height=\"523\" src=\"https:\/\/obrt-lala.hr\/wp-content\/uploads\/2025\/06\/18-768x543.png\" class=\"attachment-medium_large size-medium_large wp-image-2773\" alt=\"govorne te\u0161ko\u0107e kod djece razvoj govora ka\u0161njenje u govoru terapija govora vje\u017ebe za govor rana intervencija artikulacijske te\u0161ko\u0107e te\u0161ko\u0107e u \u010ditanju i pisanju individualni logopedski rad logopedska procjena disleksija, disgrafija, jezi\u010dne te\u0161ko\u0107e\" srcset=\"https:\/\/obrt-lala.hr\/wp-content\/uploads\/2025\/06\/18-768x543.png 768w, https:\/\/obrt-lala.hr\/wp-content\/uploads\/2025\/06\/18-300x212.png 300w, https:\/\/obrt-lala.hr\/wp-content\/uploads\/2025\/06\/18-1024x724.png 1024w, https:\/\/obrt-lala.hr\/wp-content\/uploads\/2025\/06\/18-1536x1086.png 1536w, https:\/\/obrt-lala.hr\/wp-content\/uploads\/2025\/06\/18.png 2000w\" sizes=\"(max-width: 740px) 100vw, 740px\" \/>\t\t\t\t\t\t\t\t\t\t\t\t\t\t\t<\/div>\n\t\t\t\t<\/div>\n\t\t\t\t<\/div>\n\t\t\t\t<\/div>\n\t\t<div class=\"elementor-element elementor-element-335d74a3 e-con-full e-flex e-con e-child\" data-id=\"335d74a3\" data-element_type=\"container\">\n\t\t\t\t<div class=\"elementor-element elementor-element-128d441d elementor-widget elementor-widget-heading\" data-id=\"128d441d\" data-element_type=\"widget\" data-widget_type=\"heading.default\">\n\t\t\t\t<div class=\"elementor-widget-container\">\n\t\t\t\t\t<h2 class=\"elementor-heading-title elementor-size-default\">Po\u0161aljite upit \u2013 tu smo za vas!<\/h2>\t\t\t\t<\/div>\n\t\t\t\t<\/div>\n\t\t\t\t<div class=\"elementor-element elementor-element-3f24627f elementor-widget elementor-widget-text-editor\" data-id=\"3f24627f\" data-element_type=\"widget\" data-widget_type=\"text-editor.default\">\n\t\t\t\t<div class=\"elementor-widget-container\">\n\t\t\t\t\t\t\t\t\t<p>Ispunite kontakt formu i javit \u0107emo vam se u najkra\u0107em mogu\u0107em roku. Rado \u0107emo odgovoriti na sva va\u0161a pitanja i ponuditi vam informacije koje su vam potrebne.<\/p>\t\t\t\t\t\t\t\t<\/div>\n\t\t\t\t<\/div>\n\t\t\t\t<div class=\"elementor-element elementor-element-4a7d0f9 elementor-widget elementor-widget-kidsa-contact-form-widget\" data-id=\"4a7d0f9\" data-element_type=\"widget\" data-widget_type=\"kidsa-contact-form-widget.default\">\n\t\t\t\t<div class=\"elementor-widget-container\">\n\t\t\t\t\t\r\n\r\n\r\n\r\n\t<div class=\"contact-wrapper-2\">\r\n\t\t<div class=\"contact-content\">\r\n\t\t\t\n<div class=\"wpcf7 no-js\" id=\"wpcf7-f1461-o1\" lang=\"en-US\" dir=\"ltr\" data-wpcf7-id=\"1461\">\n<div class=\"screen-reader-response\"><p role=\"status\" aria-live=\"polite\" aria-atomic=\"true\"><\/p> <ul><\/ul><\/div>\n<form action=\"\/index.php?rest_route=%2Fwp%2Fv2%2Fpages%2F3610#wpcf7-f1461-o1\" method=\"post\" class=\"wpcf7-form init\" aria-label=\"Contact form\" novalidate=\"novalidate\" data-status=\"init\">\n<fieldset class=\"hidden-fields-container\"><input type=\"hidden\" name=\"_wpcf7\" value=\"1461\" \/><input type=\"hidden\" name=\"_wpcf7_version\" value=\"6.1\" \/><input type=\"hidden\" name=\"_wpcf7_locale\" value=\"en_US\" \/><input type=\"hidden\" name=\"_wpcf7_unit_tag\" value=\"wpcf7-f1461-o1\" \/><input type=\"hidden\" name=\"_wpcf7_container_post\" value=\"0\" \/><input type=\"hidden\" name=\"_wpcf7_posted_data_hash\" value=\"\" \/>\n<\/fieldset>\n<div class=\"contact-form-items\"><div class=\"row g-4\"><div class=\"col-lg-6 wow fadeInUp\" data-wow-delay=\".3s\"><div class=\"form-clt\"><span>Va\u0161e ime*<\/span><span class=\"wpcf7-form-control-wrap\" data-name=\"text-688\"><input size=\"40\" maxlength=\"400\" class=\"wpcf7-form-control wpcf7-text wpcf7-validates-as-required\" aria-required=\"true\" aria-invalid=\"false\" placeholder=\"Va\u0161e ime\" value=\"\" type=\"text\" name=\"text-688\" \/><\/span><\/div><\/div><div class=\"col-lg-6 wow fadeInUp\" data-wow-delay=\".5s\"><div class=\"form-clt\"><span>Va\u0161 Email*<\/span><span class=\"wpcf7-form-control-wrap\" data-name=\"email-824\"><input size=\"40\" maxlength=\"400\" class=\"wpcf7-form-control wpcf7-email wpcf7-validates-as-required wpcf7-text wpcf7-validates-as-email\" aria-required=\"true\" aria-invalid=\"false\" placeholder=\"Va\u0161 Email\" value=\"\" type=\"email\" name=\"email-824\" \/><\/span><\/div><\/div><div class=\"col-lg-12 wow fadeInUp\" data-wow-delay=\".7s\"><div class=\"form-clt\"><span>Napi\u0161ite poruku*<\/span><span class=\"wpcf7-form-control-wrap\" data-name=\"textarea-643\"><textarea cols=\"40\" rows=\"10\" maxlength=\"2000\" class=\"wpcf7-form-control wpcf7-textarea\" aria-invalid=\"false\" placeholder=\"Poruka\" name=\"textarea-643\"><\/textarea><\/span><\/div><\/div><div class=\"col-lg-7 wow fadeInUp\" data-wow-delay=\".9s\"><button type=\"submit\" class=\"theme-btn\">Po\u0161alji<i class=\"fa-solid fa-arrow-right-long\"><\/i><\/button><\/div><\/div><\/div><div class=\"wpcf7-response-output\" aria-hidden=\"true\"><\/div>\n<\/form>\n<\/div>\n\t\t<\/div>\r\n\t<\/div>\r\n\r\n\t\r\n\r\n             \r\n\t\t\t\t\t\t<\/div>\n\t\t\t\t<\/div>\n\t\t\t\t<\/div>\n\t\t\t\t\t<\/div>\n\t\t\t\t<\/div>\n\t\t<div class=\"elementor-element elementor-element-4d7b3d5 e-con-full e-flex e-con e-parent\" data-id=\"4d7b3d5\" data-element_type=\"container\">\n\t\t\t\t<div class=\"elementor-element elementor-element-3e4b702 elementor-widget elementor-widget-google_maps\" data-id=\"3e4b702\" data-element_type=\"widget\" data-widget_type=\"google_maps.default\">\n\t\t\t\t<div class=\"elementor-widget-container\">\n\t\t\t\t\t\t\t<div class=\"elementor-custom-embed\">\n\t\t\t<iframe loading=\"lazy\"\n\t\t\t\t\tsrc=\"https:\/\/maps.google.com\/maps?q=Jela%C4%8Di%C4%87ev%20trg%207%2C%20Rijeka%2C%20hrvatska&#038;t=m&#038;z=17&#038;output=embed&#038;iwloc=near\"\n\t\t\t\t\ttitle=\"Jela\u010di\u0107ev trg 7, Rijeka, hrvatska\"\n\t\t\t\t\taria-label=\"Jela\u010di\u0107ev trg 7, Rijeka, hrvatska\"\n\t\t\t><\/iframe>\n\t\t<\/div>\n\t\t\t\t\t\t<\/div>\n\t\t\t\t<\/div>\n\t\t\t\t<\/div>\n\t\t\t\t<\/div>\n\t\t","protected":false},"excerpt":{"rendered":"<p>\u00a0 Kontakt +385 99 219 3060 \u00a0 E mail adresa info@obrt-lala.hr &nbsp; Adresa Jela\u010di\u0107ev trg 7, Rijeka Po\u0161aljite upit \u2013 tu smo za vas! Ispunite kontakt formu i javit \u0107emo vam se u najkra\u0107em mogu\u0107em roku. Rado \u0107emo odgovoriti na sva va\u0161a pitanja i ponuditi vam informacije koje su vam potrebne. Va\u0161e ime*Va\u0161 Email*Napi\u0161ite poruku*Po\u0161alji<\/p>\n","protected":false},"author":1,"featured_media":0,"parent":0,"menu_order":0,"comment_status":"closed","ping_status":"closed","template":"elementor_header_footer","meta":{"pagelayer_contact_templates":[],"_pagelayer_content":"","inline_featured_image":false,"footnotes":""},"class_list":["post-3610","page","type-page","status-publish","hentry"],"yoast_head":"<!-- This site is optimized with the Yoast SEO plugin v25.4 - https:\/\/yoast.com\/wordpress\/plugins\/seo\/ -->\n<title>Logopedski kabinet LALA - Kontakt<\/title>\n<meta name=\"description\" content=\"Stru\u010dni logoped za djecu u Rijeci \u2013 razvoj govora, vje\u017ebe za govor, te\u0161ko\u0107e u \u010ditanju i pisanju, disleksija, artikulacijske te\u0161ko\u0107e.\" \/>\n<meta name=\"robots\" content=\"index, follow, max-snippet:-1, max-image-preview:large, max-video-preview:-1\" \/>\n<link rel=\"canonical\" href=\"https:\/\/obrt-lala.hr\/?page_id=3610\" \/>\n<meta property=\"og:locale\" content=\"hr_HR\" \/>\n<meta property=\"og:type\" content=\"article\" \/>\n<meta property=\"og:title\" content=\"Logopedski kabinet za djecu u Rijeci- LALA\" \/>\n<meta property=\"og:description\" content=\"Procjena i terapija govora, savjetovanje roditelja i individualni pristup. Naru\u010dite termin.\" \/>\n<meta property=\"og:url\" content=\"https:\/\/obrt-lala.hr\/?page_id=3610\" \/>\n<meta property=\"og:site_name\" content=\"Logopedski kabinet Lala\" \/>\n<meta property=\"article:modified_time\" content=\"2026-01-29T15:19:00+00:00\" \/>\n<meta property=\"og:image\" content=\"https:\/\/obrt-lala.hr\/wp-content\/uploads\/2025\/06\/cropped-cropped-190X52-MX-01-e1750958763759.png\" \/>\n\t<meta property=\"og:image:width\" content=\"98\" \/>\n\t<meta property=\"og:image:height\" content=\"52\" \/>\n\t<meta property=\"og:image:type\" content=\"image\/png\" \/>\n<meta name=\"twitter:card\" content=\"summary_large_image\" \/>\n<meta name=\"twitter:label1\" content=\"Procijenjeno vrijeme \u010ditanja\" \/>\n\t<meta name=\"twitter:data1\" content=\"1 minuta\" \/>\n<!-- \/ Yoast SEO plugin. -->","yoast_head_json":{"title":"Logopedski kabinet LALA - Kontakt","description":"Stru\u010dni logoped za djecu u Rijeci \u2013 razvoj govora, vje\u017ebe za govor, te\u0161ko\u0107e u \u010ditanju i pisanju, disleksija, artikulacijske te\u0161ko\u0107e.","robots":{"index":"index","follow":"follow","max-snippet":"max-snippet:-1","max-image-preview":"max-image-preview:large","max-video-preview":"max-video-preview:-1"},"canonical":"https:\/\/obrt-lala.hr\/?page_id=3610","og_locale":"hr_HR","og_type":"article","og_title":"Logopedski kabinet za djecu u Rijeci- LALA","og_description":"Procjena i terapija govora, savjetovanje roditelja i individualni pristup. Naru\u010dite termin.","og_url":"https:\/\/obrt-lala.hr\/?page_id=3610","og_site_name":"Logopedski kabinet Lala","article_modified_time":"2026-01-29T15:19:00+00:00","og_image":[{"width":98,"height":52,"url":"https:\/\/obrt-lala.hr\/wp-content\/uploads\/2025\/06\/cropped-cropped-190X52-MX-01-e1750958763759.png","type":"image\/png"}],"twitter_card":"summary_large_image","twitter_misc":{"Procijenjeno vrijeme \u010ditanja":"1 minuta"},"schema":{"@context":"https:\/\/schema.org","@graph":[{"@type":"WebPage","@id":"https:\/\/obrt-lala.hr\/?page_id=3610","url":"https:\/\/obrt-lala.hr\/?page_id=3610","name":"Logopedski kabinet LALA - Kontakt","isPartOf":{"@id":"https:\/\/obrt-lala.hr\/#website"},"primaryImageOfPage":{"@id":"https:\/\/obrt-lala.hr\/?page_id=3610#primaryimage"},"image":{"@id":"https:\/\/obrt-lala.hr\/?page_id=3610#primaryimage"},"thumbnailUrl":"https:\/\/obrt-lala.hr\/wp-content\/uploads\/2025\/06\/18-768x543.png","datePublished":"2025-08-15T08:15:09+00:00","dateModified":"2026-01-29T15:19:00+00:00","description":"Stru\u010dni logoped za djecu u Rijeci \u2013 razvoj govora, vje\u017ebe za govor, te\u0161ko\u0107e u \u010ditanju i pisanju, disleksija, artikulacijske te\u0161ko\u0107e.","breadcrumb":{"@id":"https:\/\/obrt-lala.hr\/?page_id=3610#breadcrumb"},"inLanguage":"hr","potentialAction":[{"@type":"ReadAction","target":["https:\/\/obrt-lala.hr\/?page_id=3610"]}]},{"@type":"ImageObject","inLanguage":"hr","@id":"https:\/\/obrt-lala.hr\/?page_id=3610#primaryimage","url":"https:\/\/obrt-lala.hr\/wp-content\/uploads\/2025\/06\/18.png","contentUrl":"https:\/\/obrt-lala.hr\/wp-content\/uploads\/2025\/06\/18.png","width":2000,"height":1414,"caption":"kontakt"},{"@type":"BreadcrumbList","@id":"https:\/\/obrt-lala.hr\/?page_id=3610#breadcrumb","itemListElement":[{"@type":"ListItem","position":1,"name":"Po\u010detna stranica","item":"https:\/\/obrt-lala.hr\/"},{"@type":"ListItem","position":2,"name":"Kontakt"}]},{"@type":"WebSite","@id":"https:\/\/obrt-lala.hr\/#website","url":"https:\/\/obrt-lala.hr\/","name":"Obrt Lala","description":"Lala logopedski kabinet","publisher":{"@id":"https:\/\/obrt-lala.hr\/#organization"},"potentialAction":[{"@type":"SearchAction","target":{"@type":"EntryPoint","urlTemplate":"https:\/\/obrt-lala.hr\/?s={search_term_string}"},"query-input":{"@type":"PropertyValueSpecification","valueRequired":true,"valueName":"search_term_string"}}],"inLanguage":"hr"},{"@type":"Organization","@id":"https:\/\/obrt-lala.hr\/#organization","name":"Obrt Lala","url":"https:\/\/obrt-lala.hr\/","logo":{"@type":"ImageObject","inLanguage":"hr","@id":"https:\/\/obrt-lala.hr\/#\/schema\/logo\/image\/","url":"https:\/\/obrt-lala.hr\/wp-content\/uploads\/2025\/06\/cropped-logo-web-mali-01-1-scaled-1.png","contentUrl":"https:\/\/obrt-lala.hr\/wp-content\/uploads\/2025\/06\/cropped-logo-web-mali-01-1-scaled-1.png","width":1515,"height":942,"caption":"Obrt Lala"},"image":{"@id":"https:\/\/obrt-lala.hr\/#\/schema\/logo\/image\/"}}]}},"_links":{"self":[{"href":"https:\/\/obrt-lala.hr\/index.php?rest_route=\/wp\/v2\/pages\/3610","targetHints":{"allow":["GET"]}}],"collection":[{"href":"https:\/\/obrt-lala.hr\/index.php?rest_route=\/wp\/v2\/pages"}],"about":[{"href":"https:\/\/obrt-lala.hr\/index.php?rest_route=\/wp\/v2\/types\/page"}],"author":[{"embeddable":true,"href":"https:\/\/obrt-lala.hr\/index.php?rest_route=\/wp\/v2\/users\/1"}],"replies":[{"embeddable":true,"href":"https:\/\/obrt-lala.hr\/index.php?rest_route=%2Fwp%2Fv2%2Fcomments&post=3610"}],"version-history":[{"count":2,"href":"https:\/\/obrt-lala.hr\/index.php?rest_route=\/wp\/v2\/pages\/3610\/revisions"}],"predecessor-version":[{"id":3791,"href":"https:\/\/obrt-lala.hr\/index.php?rest_route=\/wp\/v2\/pages\/3610\/revisions\/3791"}],"wp:attachment":[{"href":"https:\/\/obrt-lala.hr\/index.php?rest_route=%2Fwp%2Fv2%2Fmedia&parent=3610"}],"curies":[{"name":"wp","href":"https:\/\/api.w.org\/{rel}","templated":true}]}}