{"id":2385,"date":"2025-06-27T12:17:07","date_gmt":"2025-06-27T10:17:07","guid":{"rendered":"https:\/\/gramentheme.com\/wp\/kidsa\/?page_id=2385"},"modified":"2026-01-29T18:19:46","modified_gmt":"2026-01-29T16:19:46","slug":"pravila_privatnosti","status":"publish","type":"page","link":"https:\/\/obrt-lala.hr\/?page_id=2385","title":{"rendered":"Pravila privatnosti"},"content":{"rendered":"\t\t<div data-elementor-type=\"wp-page\" data-elementor-id=\"2385\" class=\"elementor elementor-2385\">\n\t\t\t\t<div class=\"elementor-element elementor-element-be57549 e-flex e-con-boxed e-con e-parent\" data-id=\"be57549\" data-element_type=\"container\">\n\t\t\t\t\t<div class=\"e-con-inner\">\n\t\t\t\t<div class=\"elementor-element elementor-element-417059d elementor-widget elementor-widget-heading\" data-id=\"417059d\" data-element_type=\"widget\" data-widget_type=\"heading.default\">\n\t\t\t\t<div class=\"elementor-widget-container\">\n\t\t\t\t\t<h2 class=\"elementor-heading-title elementor-size-default\">Pravila privatnosti<\/h2>\t\t\t\t<\/div>\n\t\t\t\t<\/div>\n\t\t\t\t\t<\/div>\n\t\t\t\t<\/div>\n\t\t<div class=\"elementor-element elementor-element-62747a7f e-flex e-con-boxed e-con e-parent\" data-id=\"62747a7f\" data-element_type=\"container\">\n\t\t\t\t\t<div class=\"e-con-inner\">\n\t\t\t\t<div class=\"elementor-element elementor-element-c407d4f elementor-widget elementor-widget-text-editor\" data-id=\"c407d4f\" data-element_type=\"widget\" data-widget_type=\"text-editor.default\">\n\t\t\t\t<div class=\"elementor-widget-container\">\n\t\t\t\t\t\t\t\t\t<p><strong>Obrt Lala<\/strong><br \/><a href=\"https:\/\/www.obrt-lala.hr\">www.obrt-lala.hr<\/a><br \/>info@obrt-lala.hr<br \/><em>Datum zadnjeg a\u017euriranja: 25. lipnja 2025.<\/em><\/p><p><em>\u00a0<\/em><\/p><h5>1. Uvod<\/h5><p>Ova Pravila privatnosti opisuju kako Obrt Lala prikuplja, koristi i \u0161titi osobne podatke koje nam korisnici dobrovoljno dostavljaju putem e-maila, kao i informacije prikupljene putem kola\u010di\u0107a na na\u0161oj web stranici.<\/p><p>\u00a0<\/p><h5>2. Koje podatke prikupljamo<\/h5><ul><li>Podatke koje korisnik dobrovoljno po\u0161alje putem elektroni\u010dke po\u0161te (ime, e-mail, sadr\u017eaj poruke). Tehni\u010dke podatke prikupljene putem kola\u010di\u0107a, kao \u0161to su IP adresa, vrsta preglednika, informacije o kori\u0161tenju web stranice.<\/li><li>\u00a0<\/li><\/ul><h5>3. Svrha prikupljanja podataka<\/h5><ul><li>Odgovaranje na upite korisnika. Unaprje\u0111enje funkcionalnosti i korisni\u010dkog iskustva web stranice. Analiza posje\u0107enosti web stranice (ako se koristi analiti\u010dki alat).<\/li><\/ul><p>\u00a0<\/p><h5>4. Dijeljenje podataka<\/h5><p>Ne dijelimo osobne podatke s tre\u0107im stranama, osim ako smo na to zakonski obavezani.<\/p><p>\u00a0<\/p><h5>5. \u010cuvanje podataka<\/h5><p>Podaci se \u010duvaju onoliko dugo koliko je potrebno za ostvarenje navedene svrhe, osim ako zakon ne zahtijeva dulje \u010duvanje.<\/p><p>\u00a0<\/p><h5>6. Prava korisnika<\/h5><ul><li>Zatra\u017eiti pristup, ispravak ili brisanje svojih podataka. Ulo\u017eiti prigovor na obradu podataka. Zatra\u017eiti ograni\u010denje obrade.<\/li><\/ul><p>Za sva pitanja i zahtjeve mo\u017eete nas kontaktirati na:\u00a0<a href=\"mailto:info@obrt-lala.hr\">info@obrt-lala.hr<\/a><\/p><p>\u00a0<\/p><h5>7. Izmjene pravila privatnosti<\/h5><p>Zadr\u017eavamo pravo izmjene ove Politike privatnosti. Sve izmjene bit \u0107e objavljene na ovoj stranici.<\/p>\t\t\t\t\t\t\t\t<\/div>\n\t\t\t\t<\/div>\n\t\t\t\t\t<\/div>\n\t\t\t\t<\/div>\n\t\t<div class=\"elementor-element elementor-element-470734f e-flex e-con-boxed e-con e-parent\" data-id=\"470734f\" data-element_type=\"container\">\n\t\t\t\t\t<div class=\"e-con-inner\">\n\t\t\t\t<div class=\"elementor-element elementor-element-4756484 elementor-widget-divider--view-line elementor-widget elementor-widget-divider\" data-id=\"4756484\" data-element_type=\"widget\" data-widget_type=\"divider.default\">\n\t\t\t\t<div class=\"elementor-widget-container\">\n\t\t\t\t\t\t\t<div class=\"elementor-divider\">\n\t\t\t<span class=\"elementor-divider-separator\">\n\t\t\t\t\t\t<\/span>\n\t\t<\/div>\n\t\t\t\t\t\t<\/div>\n\t\t\t\t<\/div>\n\t\t\t\t\t<\/div>\n\t\t\t\t<\/div>\n\t\t<div class=\"elementor-element elementor-element-f20bea2 e-flex e-con-boxed e-con e-parent\" data-id=\"f20bea2\" data-element_type=\"container\">\n\t\t\t\t\t<div class=\"e-con-inner\">\n\t\t\t\t<div class=\"elementor-element elementor-element-7f49b02 elementor-widget elementor-widget-image\" data-id=\"7f49b02\" data-element_type=\"widget\" data-widget_type=\"image.default\">\n\t\t\t\t<div class=\"elementor-widget-container\">\n\t\t\t\t\t\t\t\t\t\t\t\t\t\t\t<img fetchpriority=\"high\" decoding=\"async\" width=\"550\" height=\"380\" src=\"https:\/\/obrt-lala.hr\/wp-content\/uploads\/2025\/09\/22-550x380.png\" class=\"attachment-kidsa_medium size-kidsa_medium wp-image-3697\" alt=\"\" \/>\t\t\t\t\t\t\t\t\t\t\t\t\t\t\t<\/div>\n\t\t\t\t<\/div>\n\t\t\t\t\t<\/div>\n\t\t\t\t<\/div>\n\t\t\t\t<\/div>\n\t\t","protected":false},"excerpt":{"rendered":"<p>Pravila privatnosti Obrt Lalawww.obrt-lala.hrinfo@obrt-lala.hrDatum zadnjeg a\u017euriranja: 25. lipnja 2025. \u00a0 1. Uvod Ova Pravila privatnosti opisuju kako Obrt Lala prikuplja, koristi i \u0161titi osobne podatke koje nam korisnici dobrovoljno dostavljaju putem e-maila, kao i informacije prikupljene putem kola\u010di\u0107a na na\u0161oj web stranici. \u00a0 2. Koje podatke prikupljamo Podatke koje korisnik dobrovoljno po\u0161alje putem elektroni\u010dke po\u0161te<\/p>\n","protected":false},"author":1,"featured_media":0,"parent":0,"menu_order":0,"comment_status":"closed","ping_status":"closed","template":"","meta":{"pagelayer_contact_templates":[],"_pagelayer_content":"","inline_featured_image":false,"footnotes":""},"class_list":["post-2385","page","type-page","status-publish","hentry"],"yoast_head":"<!-- This site is optimized with the Yoast SEO plugin v25.4 - https:\/\/yoast.com\/wordpress\/plugins\/seo\/ -->\n<title>Pravila privatnosti - Logopedski kabinet Lala<\/title>\n<meta name=\"description\" content=\"Poma\u017eemo djeci s te\u0161ko\u0107ama u \u010ditanju, pisanju, izgovoru i razumijevanju jezika. Stru\u010dan logoped u Rijeci \u2013 ured Lala. \u010cekamo vas.\" \/>\n<meta name=\"robots\" content=\"index, follow, max-snippet:-1, max-image-preview:large, max-video-preview:-1\" \/>\n<link rel=\"canonical\" href=\"https:\/\/obrt-lala.hr\/?page_id=2385\" \/>\n<meta property=\"og:locale\" content=\"hr_HR\" \/>\n<meta property=\"og:type\" content=\"article\" \/>\n<meta property=\"og:title\" content=\"Pravila privatnosti - Logopedski kabinet Lala\" \/>\n<meta property=\"og:description\" content=\"Poma\u017eemo djeci s te\u0161ko\u0107ama u \u010ditanju, pisanju, izgovoru i razumijevanju jezika. Stru\u010dan logoped u Rijeci \u2013 ured Lala. \u010cekamo vas.\" \/>\n<meta property=\"og:url\" content=\"https:\/\/obrt-lala.hr\/?page_id=2385\" \/>\n<meta property=\"og:site_name\" content=\"Logopedski kabinet Lala\" \/>\n<meta property=\"article:modified_time\" content=\"2026-01-29T16:19:46+00:00\" \/>\n<meta property=\"og:image\" content=\"https:\/\/obrt-lala.hr\/wp-content\/uploads\/2025\/09\/22-1024x576.png\" \/>\n\t<meta property=\"og:image:width\" content=\"1024\" \/>\n\t<meta property=\"og:image:height\" content=\"576\" \/>\n\t<meta property=\"og:image:type\" content=\"image\/png\" \/>\n<meta name=\"twitter:card\" content=\"summary_large_image\" \/>\n<meta name=\"twitter:label1\" content=\"Procijenjeno vrijeme \u010ditanja\" \/>\n\t<meta name=\"twitter:data1\" content=\"2 minute\" \/>\n<!-- \/ Yoast SEO plugin. -->","yoast_head_json":{"title":"Pravila privatnosti - Logopedski kabinet Lala","description":"Poma\u017eemo djeci s te\u0161ko\u0107ama u \u010ditanju, pisanju, izgovoru i razumijevanju jezika. Stru\u010dan logoped u Rijeci \u2013 ured Lala. \u010cekamo vas.","robots":{"index":"index","follow":"follow","max-snippet":"max-snippet:-1","max-image-preview":"max-image-preview:large","max-video-preview":"max-video-preview:-1"},"canonical":"https:\/\/obrt-lala.hr\/?page_id=2385","og_locale":"hr_HR","og_type":"article","og_title":"Pravila privatnosti - Logopedski kabinet Lala","og_description":"Poma\u017eemo djeci s te\u0161ko\u0107ama u \u010ditanju, pisanju, izgovoru i razumijevanju jezika. Stru\u010dan logoped u Rijeci \u2013 ured Lala. \u010cekamo vas.","og_url":"https:\/\/obrt-lala.hr\/?page_id=2385","og_site_name":"Logopedski kabinet Lala","article_modified_time":"2026-01-29T16:19:46+00:00","og_image":[{"width":1024,"height":576,"url":"https:\/\/obrt-lala.hr\/wp-content\/uploads\/2025\/09\/22-1024x576.png","type":"image\/png"}],"twitter_card":"summary_large_image","twitter_misc":{"Procijenjeno vrijeme \u010ditanja":"2 minute"},"schema":{"@context":"https:\/\/schema.org","@graph":[{"@type":"WebPage","@id":"https:\/\/obrt-lala.hr\/?page_id=2385","url":"https:\/\/obrt-lala.hr\/?page_id=2385","name":"Pravila privatnosti - Logopedski kabinet Lala","isPartOf":{"@id":"https:\/\/obrt-lala.hr\/#website"},"primaryImageOfPage":{"@id":"https:\/\/obrt-lala.hr\/?page_id=2385#primaryimage"},"image":{"@id":"https:\/\/obrt-lala.hr\/?page_id=2385#primaryimage"},"thumbnailUrl":"https:\/\/obrt-lala.hr\/wp-content\/uploads\/2025\/09\/22-550x380.png","datePublished":"2025-06-27T10:17:07+00:00","dateModified":"2026-01-29T16:19:46+00:00","description":"Poma\u017eemo djeci s te\u0161ko\u0107ama u \u010ditanju, pisanju, izgovoru i razumijevanju jezika. Stru\u010dan logoped u Rijeci \u2013 ured Lala. \u010cekamo vas.","breadcrumb":{"@id":"https:\/\/obrt-lala.hr\/?page_id=2385#breadcrumb"},"inLanguage":"hr","potentialAction":[{"@type":"ReadAction","target":["https:\/\/obrt-lala.hr\/?page_id=2385"]}]},{"@type":"ImageObject","inLanguage":"hr","@id":"https:\/\/obrt-lala.hr\/?page_id=2385#primaryimage","url":"https:\/\/obrt-lala.hr\/wp-content\/uploads\/2025\/09\/22-scaled-e1758541046358.png","contentUrl":"https:\/\/obrt-lala.hr\/wp-content\/uploads\/2025\/09\/22-scaled-e1758541046358.png","width":2048,"height":1152},{"@type":"BreadcrumbList","@id":"https:\/\/obrt-lala.hr\/?page_id=2385#breadcrumb","itemListElement":[{"@type":"ListItem","position":1,"name":"Po\u010detna stranica","item":"https:\/\/obrt-lala.hr\/"},{"@type":"ListItem","position":2,"name":"Pravila privatnosti"}]},{"@type":"WebSite","@id":"https:\/\/obrt-lala.hr\/#website","url":"https:\/\/obrt-lala.hr\/","name":"Obrt Lala","description":"Lala logopedski kabinet","publisher":{"@id":"https:\/\/obrt-lala.hr\/#organization"},"potentialAction":[{"@type":"SearchAction","target":{"@type":"EntryPoint","urlTemplate":"https:\/\/obrt-lala.hr\/?s={search_term_string}"},"query-input":{"@type":"PropertyValueSpecification","valueRequired":true,"valueName":"search_term_string"}}],"inLanguage":"hr"},{"@type":"Organization","@id":"https:\/\/obrt-lala.hr\/#organization","name":"Obrt Lala","url":"https:\/\/obrt-lala.hr\/","logo":{"@type":"ImageObject","inLanguage":"hr","@id":"https:\/\/obrt-lala.hr\/#\/schema\/logo\/image\/","url":"https:\/\/obrt-lala.hr\/wp-content\/uploads\/2025\/06\/cropped-logo-web-mali-01-1-scaled-1.png","contentUrl":"https:\/\/obrt-lala.hr\/wp-content\/uploads\/2025\/06\/cropped-logo-web-mali-01-1-scaled-1.png","width":1515,"height":942,"caption":"Obrt Lala"},"image":{"@id":"https:\/\/obrt-lala.hr\/#\/schema\/logo\/image\/"}}]}},"_links":{"self":[{"href":"https:\/\/obrt-lala.hr\/index.php?rest_route=\/wp\/v2\/pages\/2385","targetHints":{"allow":["GET"]}}],"collection":[{"href":"https:\/\/obrt-lala.hr\/index.php?rest_route=\/wp\/v2\/pages"}],"about":[{"href":"https:\/\/obrt-lala.hr\/index.php?rest_route=\/wp\/v2\/types\/page"}],"author":[{"embeddable":true,"href":"https:\/\/obrt-lala.hr\/index.php?rest_route=\/wp\/v2\/users\/1"}],"replies":[{"embeddable":true,"href":"https:\/\/obrt-lala.hr\/index.php?rest_route=%2Fwp%2Fv2%2Fcomments&post=2385"}],"version-history":[{"count":57,"href":"https:\/\/obrt-lala.hr\/index.php?rest_route=\/wp\/v2\/pages\/2385\/revisions"}],"predecessor-version":[{"id":3824,"href":"https:\/\/obrt-lala.hr\/index.php?rest_route=\/wp\/v2\/pages\/2385\/revisions\/3824"}],"wp:attachment":[{"href":"https:\/\/obrt-lala.hr\/index.php?rest_route=%2Fwp%2Fv2%2Fmedia&parent=2385"}],"curies":[{"name":"wp","href":"https:\/\/api.w.org\/{rel}","templated":true}]}}