{"id":1121,"date":"2024-05-18T15:07:06","date_gmt":"2024-05-18T15:07:06","guid":{"rendered":"https:\/\/gramentheme.com\/wp\/kidsa\/?page_id=1121"},"modified":"2026-01-29T16:59:07","modified_gmt":"2026-01-29T14:59:07","slug":"https-obrt-lala-hr-o-nama","status":"publish","type":"page","link":"https:\/\/obrt-lala.hr\/?page_id=1121","title":{"rendered":"O nama"},"content":{"rendered":"\t\t<div data-elementor-type=\"wp-page\" data-elementor-id=\"1121\" class=\"elementor elementor-1121\">\n\t\t\t\t<div class=\"elementor-element elementor-element-5570043 e-flex e-con-boxed e-con e-parent\" data-id=\"5570043\" data-element_type=\"container\" data-settings=\"{&quot;background_background&quot;:&quot;classic&quot;}\">\n\t\t\t\t\t<div class=\"e-con-inner\">\n\t\t<div class=\"elementor-element elementor-element-25b892e e-con-full e-flex e-con e-child\" data-id=\"25b892e\" data-element_type=\"container\">\n\t\t\t\t<div class=\"elementor-element elementor-element-308c94c elementor-widget elementor-widget-heading\" data-id=\"308c94c\" data-element_type=\"widget\" data-widget_type=\"heading.default\">\n\t\t\t\t<div class=\"elementor-widget-container\">\n\t\t\t\t\t<span class=\"elementor-heading-title elementor-size-default\">O nama<\/span>\t\t\t\t<\/div>\n\t\t\t\t<\/div>\n\t\t\t\t<div class=\"elementor-element elementor-element-c17ea33 elementor-widget elementor-widget-spacer\" data-id=\"c17ea33\" data-element_type=\"widget\" data-widget_type=\"spacer.default\">\n\t\t\t\t<div class=\"elementor-widget-container\">\n\t\t\t\t\t\t\t<div class=\"elementor-spacer\">\n\t\t\t<div class=\"elementor-spacer-inner\"><\/div>\n\t\t<\/div>\n\t\t\t\t\t\t<\/div>\n\t\t\t\t<\/div>\n\t\t\t\t<div class=\"elementor-element elementor-element-390f21a elementor-widget elementor-widget-text-editor\" data-id=\"390f21a\" data-element_type=\"widget\" data-widget_type=\"text-editor.default\">\n\t\t\t\t<div class=\"elementor-widget-container\">\n\t\t\t\t\t\t\t\t\t<p><strong>Logopedski kabinet LALA<\/strong> osnovan je s ciljem da djeci pru\u017eimo siguran, poticajan i stru\u010dan prostor za razvoj komunikacije, jezika i govora. Kroz individualan pristup i suvremene metode rada poma\u017eemo djeci s te\u0161ko\u0107ama u: komunikaciji, razumijevanju i proizvodnji jezika, izgovoru te \u010ditanju i pisanju.\u00a0<\/p><p>Na\u0161a misija je prepoznati potrebe svakog djeteta i kroz igru, motivaciju i stru\u010dno vo\u0111enje omogu\u0107iti mu ostvarivanje vlastitih potencijala. Roditeljima smo partneri, a djeci podr\u0161ka u razvijanju sposobnosti i samopouzdanja.<\/p><p>Nalazimo se u Rijeci, a u radu smo usmjereni na djecu rane, pred\u0161kolske i \u0161kolske dobi. Specijalizirani smo za ranu intervenciju kod ka\u0161njenja u komunikacijskom i jezi\u010dno &#8211; govornom razvoju, ubla\u017eavanje te\u0161ko\u0107a \u010ditanja i pisanja te otklanjanje artikulacijskih pote\u0161ko\u0107a.\u00a0<\/p><p>Uvijek smo otvoreni za suradnju i rado \u0107emo vas savjetovati \u2013 jer svaki glas zaslu\u017euje da ga se jasno i s razumijevanjem \u010duje.<\/p>\t\t\t\t\t\t\t\t<\/div>\n\t\t\t\t<\/div>\n\t\t\t\t<div class=\"elementor-element elementor-element-33cdcf0 elementor-widget elementor-widget-spacer\" data-id=\"33cdcf0\" data-element_type=\"widget\" data-widget_type=\"spacer.default\">\n\t\t\t\t<div class=\"elementor-widget-container\">\n\t\t\t\t\t\t\t<div class=\"elementor-spacer\">\n\t\t\t<div class=\"elementor-spacer-inner\"><\/div>\n\t\t<\/div>\n\t\t\t\t\t\t<\/div>\n\t\t\t\t<\/div>\n\t\t\t\t<div class=\"elementor-element elementor-element-dcedc68 elementor-position-left elementor-vertical-align-middle elementor-position-right elementor-vertical-align-top elementor-widget elementor-widget-image-box\" data-id=\"dcedc68\" data-element_type=\"widget\" data-widget_type=\"image-box.default\">\n\t\t\t\t<div class=\"elementor-widget-container\">\n\t\t\t\t\t<div class=\"elementor-image-box-wrapper\"><figure class=\"elementor-image-box-img\"><img fetchpriority=\"high\" decoding=\"async\" width=\"1080\" height=\"1350\" src=\"https:\/\/obrt-lala.hr\/wp-content\/uploads\/2025\/09\/IMG_3214.jpeg\" class=\"attachment-full size-full wp-image-3660\" alt=\"Logopedski kabinet za djecu u Rijeci.\" srcset=\"https:\/\/obrt-lala.hr\/wp-content\/uploads\/2025\/09\/IMG_3214.jpeg 1080w, https:\/\/obrt-lala.hr\/wp-content\/uploads\/2025\/09\/IMG_3214-240x300.jpeg 240w, https:\/\/obrt-lala.hr\/wp-content\/uploads\/2025\/09\/IMG_3214-819x1024.jpeg 819w, https:\/\/obrt-lala.hr\/wp-content\/uploads\/2025\/09\/IMG_3214-768x960.jpeg 768w\" sizes=\"(max-width: 1080px) 100vw, 1080px\" \/><\/figure><div class=\"elementor-image-box-content\"><h6 class=\"elementor-image-box-title\">Petra Deren\u010dinovi\u0107<\/h6><p class=\"elementor-image-box-description\">Co, Founder<\/p><\/div><\/div>\t\t\t\t<\/div>\n\t\t\t\t<\/div>\n\t\t\t\t<div class=\"elementor-element elementor-element-e84c092 elementor-hidden-tablet elementor-hidden-mobile elementor-widget-divider--view-line elementor-widget elementor-widget-divider\" data-id=\"e84c092\" data-element_type=\"widget\" data-widget_type=\"divider.default\">\n\t\t\t\t<div class=\"elementor-widget-container\">\n\t\t\t\t\t\t\t<div class=\"elementor-divider\">\n\t\t\t<span class=\"elementor-divider-separator\">\n\t\t\t\t\t\t<\/span>\n\t\t<\/div>\n\t\t\t\t\t\t<\/div>\n\t\t\t\t<\/div>\n\t\t\t\t<div class=\"elementor-element elementor-element-83d81d2 elementor-widget elementor-widget-text-editor\" data-id=\"83d81d2\" data-element_type=\"widget\" data-widget_type=\"text-editor.default\">\n\t\t\t\t<div class=\"elementor-widget-container\">\n\t\t\t\t\t\t\t\t\t<h3 style=\"margin-left: 36pt; line-height: 115%; text-align: left;\">Biografija<\/h3><p style=\"margin-left: 36.0pt; line-height: 115%;\"><strong><span style=\"font-family: 'Calibri',sans-serif; mso-ascii-theme-font: minor-latin; mso-hansi-theme-font: minor-latin; mso-bidi-theme-font: minor-latin; font-weight: normal;\">\u00a0<\/span><\/strong><\/p><p><strong><span style=\"font-family: 'Calibri',sans-serif; mso-ascii-theme-font: minor-latin; mso-hansi-theme-font: minor-latin; mso-bidi-theme-font: minor-latin; font-weight: normal;\">Studij logopedije zavr\u0161ila je 2023. godine na Edukacijsko \u2013 rehabilitacijskom fakultetu u Zagrebu s temom istra\u017eiva\u010dkog diplomskog rada \u201eMultimodalnost kao oblik podr\u0161ke kod djece s poreme\u0107ajem iz spektra autizma\u201c \u010dime sti\u010de zvanje magistre logopedije.<\/span><\/strong><\/p><p><strong><span style=\"font-family: 'Calibri',sans-serif; mso-ascii-theme-font: minor-latin; mso-hansi-theme-font: minor-latin; mso-bidi-theme-font: minor-latin; font-weight: normal;\">Tijekom studija stjecala je znanja i vje\u0161tine volontiraju\u0107i u raznim udrugama i poliklinikama, a radno iskustvo po\u010dela je graditi jo\u0161 tijekom studiranja u razli\u010ditim privatnim kabinetima. Svoje studiranje upotpunila je \u0161estomjese\u010dnom stru\u010dnom praksom u Lisabonu u sklopu Erasmus+ projekta koja je uvelike doprinijela njenom profesionalnom i osobnom razvoju. U rujnu 2023. godine zaposlila se kao stru\u010dni suradnik logoped u dje\u010djem vrti\u0107u na Kastvu, a u studenom 2024. polo\u017eila je i stru\u010dni ispit pri Agenciji za odgoj i obrazovanje. Paralelno s radom u vrti\u0107u pridru\u017euje se i rehabilitacijskom timu projekta op\u0107ine Vi\u0161kovo \u201eZa sretnije djetinjstvo\u201c u sklopu kojega i dalje provodi logopedske usluge.<\/span><\/strong><\/p><p><strong><span style=\"font-family: 'Calibri',sans-serif; mso-ascii-theme-font: minor-latin; mso-hansi-theme-font: minor-latin; mso-bidi-theme-font: minor-latin; font-weight: normal;\">\u00a0<\/span><\/strong><\/p><p><strong><span style=\"font-family: 'Calibri',sans-serif; mso-ascii-theme-font: minor-latin; mso-hansi-theme-font: minor-latin; mso-bidi-theme-font: minor-latin; font-weight: normal;\">Kontinuirano se profesionalno usavr\u0161ava poha\u0111anjem raznovrsnih edukacija i te\u010dajeva. <\/span><\/strong><\/p><p><strong><span style=\"font-family: 'Calibri',sans-serif; mso-ascii-theme-font: minor-latin; mso-hansi-theme-font: minor-latin; mso-bidi-theme-font: minor-latin; font-weight: normal;\">U svojem radu bavi se poticanjem ranog komunikacijskog i jezi\u010dno \u2013 govornog razvoja te radi s djecom rane, pred\u0161kolske i \u0161kolske dobi s komunikacijskim, jezi\u010dnim i artikulacijskim te\u0161ko\u0107ama te te\u0161ko\u0107ama \u010ditanja i pisanja. Provodi logopedsku dijagnostiku i terapiju te savjetovanje i podr\u0161ku roditeljima. <\/span><\/strong><\/p><p><strong><span style=\"font-family: 'Calibri',sans-serif; mso-ascii-theme-font: minor-latin; mso-hansi-theme-font: minor-latin; mso-bidi-theme-font: minor-latin; font-weight: normal;\">\u00a0<\/span><\/strong><\/p><p><strong><span style=\"font-family: 'Calibri',sans-serif; mso-ascii-theme-font: minor-latin; mso-hansi-theme-font: minor-latin; mso-bidi-theme-font: minor-latin; font-weight: normal;\">Svakom djetetu pru\u017ea individualno prilago\u0111eni pristup te ostvaruje suradnju i partnerski odnos s roditeljima u svrhu boljeg razumijevanja i podupiranja djetetovog razvoja, sposobnosti i napretka.<\/span><\/strong><\/p>\t\t\t\t\t\t\t\t<\/div>\n\t\t\t\t<\/div>\n\t\t<div class=\"elementor-element elementor-element-534a5a9 e-flex e-con-boxed e-con e-child\" data-id=\"534a5a9\" data-element_type=\"container\">\n\t\t\t\t\t<div class=\"e-con-inner\">\n\t\t<div class=\"elementor-element elementor-element-cd69a0e e-con-full e-flex e-con e-child\" data-id=\"cd69a0e\" data-element_type=\"container\">\n\t\t\t\t<div class=\"elementor-element elementor-element-d91ab66 elementor-widget elementor-widget-kidsa-call-us-widget\" data-id=\"d91ab66\" data-element_type=\"widget\" data-widget_type=\"kidsa-call-us-widget.default\">\n\t\t\t\t<div class=\"elementor-widget-container\">\n\t\t\t\t\t\r\n\r\n\t\r\n\t<div class=\"about-wrapper\">\r\n\t\t<div class=\"about-content\">\r\n\t\t\t<div class=\"about-author mt-0\">\r\n\t\t\t\t<div class=\"author-icon wow fadeInUp\" data-wow-delay=\".5s\">\r\n\t\t\t\t\t<div class=\"icon\">\r\n\t\t\t\t\t\t<i class=\"fa-solid fa-phone\"><\/i>\r\n\t\t\t\t\t<\/div>\r\n\t\t\t\t\t<div class=\"content\">\r\n\t\t\t\t\t\t<span>Imate pitanje? Javite nam se.<\/span>\r\n\t\t\t\t\t\t<h5>\r\n\t\t\t\t\t\t\t<a href=\"https:\/\/obrt-lala.hr\/?page_id=1121\">+385 99 219 3060<\/a>\r\n\t\t\t\t\t\t<\/h5>\r\n\t\t\t\t\t<\/div>\r\n\t\t\t\t<\/div>\r\n\t\t\t<\/div>\r\n\t\t<\/div>\r\n\t<\/div>\r\n\r\n             \r\n\t\t\t\t\t\t<\/div>\n\t\t\t\t<\/div>\n\t\t\t\t<\/div>\n\t\t<div class=\"elementor-element elementor-element-3548ec4 e-con-full e-flex e-con e-child\" data-id=\"3548ec4\" data-element_type=\"container\">\n\t\t\t\t<\/div>\n\t\t\t\t\t<\/div>\n\t\t\t\t<\/div>\n\t\t\t\t<\/div>\n\t\t\t\t\t<\/div>\n\t\t\t\t<\/div>\n\t\t\t\t<\/div>\n\t\t","protected":false},"excerpt":{"rendered":"<p>O nama Logopedski kabinet LALA osnovan je s ciljem da djeci pru\u017eimo siguran, poticajan i stru\u010dan prostor za razvoj komunikacije, jezika i govora. Kroz individualan pristup i suvremene metode rada poma\u017eemo djeci s te\u0161ko\u0107ama u: komunikaciji, razumijevanju i proizvodnji jezika, izgovoru te \u010ditanju i pisanju. Na\u0161a misija je prepoznati potrebe svakog djeteta i kroz igru,<\/p>\n","protected":false},"author":1,"featured_media":2783,"parent":0,"menu_order":0,"comment_status":"closed","ping_status":"closed","template":"elementor_header_footer","meta":{"pagelayer_contact_templates":[],"_pagelayer_content":"","inline_featured_image":false,"footnotes":""},"class_list":["post-1121","page","type-page","status-publish","has-post-thumbnail","hentry"],"yoast_head":"<!-- This site is optimized with the Yoast SEO plugin v25.4 - https:\/\/yoast.com\/wordpress\/plugins\/seo\/ -->\n<title>O nama - Logopedski kabinet LALA - Rijeka<\/title>\n<meta name=\"description\" content=\"Imate li dijete s te\u0161ko\u0107ama u govoru ili jeziku? Logopedski ured Lala u Rijeci nudi podr\u0161ku kroz igru, terapiju i stru\u010dno vo\u0111ene vje\u017ebe.\" \/>\n<meta name=\"robots\" content=\"index, follow, max-snippet:-1, max-image-preview:large, max-video-preview:-1\" \/>\n<link rel=\"canonical\" href=\"https:\/\/obrt-lala.hr\/?page_id=1121\" \/>\n<meta property=\"og:locale\" content=\"hr_HR\" \/>\n<meta property=\"og:type\" content=\"article\" \/>\n<meta property=\"og:title\" content=\"O nama - Logopedski kabinet LALA - Rijeka\" \/>\n<meta property=\"og:description\" content=\"Imate li dijete s te\u0161ko\u0107ama u govoru ili jeziku? Logopedski ured Lala u Rijeci nudi podr\u0161ku kroz igru, terapiju i stru\u010dno vo\u0111ene vje\u017ebe.\" \/>\n<meta property=\"og:url\" content=\"https:\/\/obrt-lala.hr\/?page_id=1121\" \/>\n<meta property=\"og:site_name\" content=\"Logopedski kabinet Lala\" \/>\n<meta property=\"article:modified_time\" content=\"2026-01-29T14:59:07+00:00\" \/>\n<meta property=\"og:image\" content=\"https:\/\/obrt-lala.hr\/wp-content\/uploads\/2025\/06\/let-01-scaled.png\" \/>\n\t<meta property=\"og:image:width\" content=\"2560\" \/>\n\t<meta property=\"og:image:height\" content=\"1811\" \/>\n\t<meta property=\"og:image:type\" content=\"image\/png\" \/>\n<meta name=\"twitter:card\" content=\"summary_large_image\" \/>\n<meta name=\"twitter:label1\" content=\"Procijenjeno vrijeme \u010ditanja\" \/>\n\t<meta name=\"twitter:data1\" content=\"3 minute\" \/>\n<!-- \/ Yoast SEO plugin. -->","yoast_head_json":{"title":"O nama - Logopedski kabinet LALA - Rijeka","description":"Imate li dijete s te\u0161ko\u0107ama u govoru ili jeziku? Logopedski ured Lala u Rijeci nudi podr\u0161ku kroz igru, terapiju i stru\u010dno vo\u0111ene vje\u017ebe.","robots":{"index":"index","follow":"follow","max-snippet":"max-snippet:-1","max-image-preview":"max-image-preview:large","max-video-preview":"max-video-preview:-1"},"canonical":"https:\/\/obrt-lala.hr\/?page_id=1121","og_locale":"hr_HR","og_type":"article","og_title":"O nama - Logopedski kabinet LALA - Rijeka","og_description":"Imate li dijete s te\u0161ko\u0107ama u govoru ili jeziku? Logopedski ured Lala u Rijeci nudi podr\u0161ku kroz igru, terapiju i stru\u010dno vo\u0111ene vje\u017ebe.","og_url":"https:\/\/obrt-lala.hr\/?page_id=1121","og_site_name":"Logopedski kabinet Lala","article_modified_time":"2026-01-29T14:59:07+00:00","og_image":[{"width":2560,"height":1811,"url":"https:\/\/obrt-lala.hr\/wp-content\/uploads\/2025\/06\/let-01-scaled.png","type":"image\/png"}],"twitter_card":"summary_large_image","twitter_misc":{"Procijenjeno vrijeme \u010ditanja":"3 minute"},"schema":{"@context":"https:\/\/schema.org","@graph":[{"@type":"WebPage","@id":"https:\/\/obrt-lala.hr\/?page_id=1121","url":"https:\/\/obrt-lala.hr\/?page_id=1121","name":"O nama - Logopedski kabinet LALA - Rijeka","isPartOf":{"@id":"https:\/\/obrt-lala.hr\/#website"},"primaryImageOfPage":{"@id":"https:\/\/obrt-lala.hr\/?page_id=1121#primaryimage"},"image":{"@id":"https:\/\/obrt-lala.hr\/?page_id=1121#primaryimage"},"thumbnailUrl":"https:\/\/obrt-lala.hr\/wp-content\/uploads\/2025\/06\/let-01-scaled.png","datePublished":"2024-05-18T15:07:06+00:00","dateModified":"2026-01-29T14:59:07+00:00","description":"Imate li dijete s te\u0161ko\u0107ama u govoru ili jeziku? Logopedski ured Lala u Rijeci nudi podr\u0161ku kroz igru, terapiju i stru\u010dno vo\u0111ene vje\u017ebe.","breadcrumb":{"@id":"https:\/\/obrt-lala.hr\/?page_id=1121#breadcrumb"},"inLanguage":"hr","potentialAction":[{"@type":"ReadAction","target":["https:\/\/obrt-lala.hr\/?page_id=1121"]}]},{"@type":"ImageObject","inLanguage":"hr","@id":"https:\/\/obrt-lala.hr\/?page_id=1121#primaryimage","url":"https:\/\/obrt-lala.hr\/wp-content\/uploads\/2025\/06\/let-01-scaled.png","contentUrl":"https:\/\/obrt-lala.hr\/wp-content\/uploads\/2025\/06\/let-01-scaled.png","width":2560,"height":1811,"caption":"Dijete tijekom logopedske igre u uredu Lala Rijeka"},{"@type":"BreadcrumbList","@id":"https:\/\/obrt-lala.hr\/?page_id=1121#breadcrumb","itemListElement":[{"@type":"ListItem","position":1,"name":"Po\u010detna stranica","item":"https:\/\/obrt-lala.hr\/"},{"@type":"ListItem","position":2,"name":"O nama"}]},{"@type":"WebSite","@id":"https:\/\/obrt-lala.hr\/#website","url":"https:\/\/obrt-lala.hr\/","name":"Obrt Lala","description":"Lala logopedski kabinet","publisher":{"@id":"https:\/\/obrt-lala.hr\/#organization"},"potentialAction":[{"@type":"SearchAction","target":{"@type":"EntryPoint","urlTemplate":"https:\/\/obrt-lala.hr\/?s={search_term_string}"},"query-input":{"@type":"PropertyValueSpecification","valueRequired":true,"valueName":"search_term_string"}}],"inLanguage":"hr"},{"@type":"Organization","@id":"https:\/\/obrt-lala.hr\/#organization","name":"Obrt Lala","url":"https:\/\/obrt-lala.hr\/","logo":{"@type":"ImageObject","inLanguage":"hr","@id":"https:\/\/obrt-lala.hr\/#\/schema\/logo\/image\/","url":"https:\/\/obrt-lala.hr\/wp-content\/uploads\/2025\/06\/cropped-logo-web-mali-01-1-scaled-1.png","contentUrl":"https:\/\/obrt-lala.hr\/wp-content\/uploads\/2025\/06\/cropped-logo-web-mali-01-1-scaled-1.png","width":1515,"height":942,"caption":"Obrt Lala"},"image":{"@id":"https:\/\/obrt-lala.hr\/#\/schema\/logo\/image\/"}}]}},"_links":{"self":[{"href":"https:\/\/obrt-lala.hr\/index.php?rest_route=\/wp\/v2\/pages\/1121","targetHints":{"allow":["GET"]}}],"collection":[{"href":"https:\/\/obrt-lala.hr\/index.php?rest_route=\/wp\/v2\/pages"}],"about":[{"href":"https:\/\/obrt-lala.hr\/index.php?rest_route=\/wp\/v2\/types\/page"}],"author":[{"embeddable":true,"href":"https:\/\/obrt-lala.hr\/index.php?rest_route=\/wp\/v2\/users\/1"}],"replies":[{"embeddable":true,"href":"https:\/\/obrt-lala.hr\/index.php?rest_route=%2Fwp%2Fv2%2Fcomments&post=1121"}],"version-history":[{"count":165,"href":"https:\/\/obrt-lala.hr\/index.php?rest_route=\/wp\/v2\/pages\/1121\/revisions"}],"predecessor-version":[{"id":3810,"href":"https:\/\/obrt-lala.hr\/index.php?rest_route=\/wp\/v2\/pages\/1121\/revisions\/3810"}],"wp:featuredmedia":[{"embeddable":true,"href":"https:\/\/obrt-lala.hr\/index.php?rest_route=\/wp\/v2\/media\/2783"}],"wp:attachment":[{"href":"https:\/\/obrt-lala.hr\/index.php?rest_route=%2Fwp%2Fv2%2Fmedia&parent=1121"}],"curies":[{"name":"wp","href":"https:\/\/api.w.org\/{rel}","templated":true}]}}